{"id":124,"date":"2021-03-22T21:25:29","date_gmt":"2021-03-22T21:25:29","guid":{"rendered":"http:\/\/www.ayesesteknoloji.com\/?page_id=124"},"modified":"2024-05-14T19:30:11","modified_gmt":"2024-05-14T19:30:11","slug":"iletisim","status":"publish","type":"page","link":"https:\/\/www.ayesesteknoloji.com\/?page_id=124","title":{"rendered":"\u0130LET\u0130\u015e\u0130M"},"content":{"rendered":"\n<!-- Google tag (gtag.js) -->\n<script async=\"\" src=\"https:\/\/www.googletagmanager.com\/gtag\/js?id=AW-10969955635\"><\/script>\n<script>\n  window.dataLayer = window.dataLayer || [];\n  function gtag(){dataLayer.push(arguments);}\n  gtag('js', new Date());\n\n  gtag('config', 'AW-10969955635');\n<\/script>\n\n\n\n<p>Ayeses Teknoloji&nbsp; Ve G\u00fcvenlik Sistemleri<\/p>\n\n\n\n<p>Kaya\u015fehir 15.B\u00f6lge \u0130nci Sitesi<\/p>\n\n\n\n<p><code><iframe loading=\"lazy\" src=\"https:\/\/www.google.com\/maps\/embed?pb=!1m28!1m12!1m3!1d1921.3252865886777!2d28.76847064239438!3d41.1085963303184!2m3!1f0!2f0!3f0!3m2!1i1024!2i768!4f13.1!4m13!3e3!4m5!1s0x14caaec2a21bd105%3A0xa8bbe607bc180021!2zS2F5YWJhxZ_EsSBNYWhhbGxlc2ksIEtheWHFn2VoaXIgMTUuIELDtmxnZSwgMzQ0OTQgQmHFn2FrxZ9laGlyL8Swc3RhbmJ1bCwgVMO8cmtpeWU!3m2!1d41.133725!2d28.7875864!4m5!1s0x14caaf8a982396a5%3A0xfc13313f82d929c0!2zQXllc2VzIFRla25vbG9qaSBHw7x2ZW5saWsgU2lzdGVtbGVyaSwgS2F5YcWfZWhpciAxNS5Cw7ZsZ2UsIMSwbmNpIFNpdGVzaSwgMzQxMDAgQmHFn2FrxZ9laGlyL8Swc3RhbmJ1bA!3m2!1d41.1081919!2d28.7684447!5e0!3m2!1str!2str!4v1616494475887!5m2!1str!2str\" width=\"800\" height=\"250\"><span data-mce-type=\"bookmark\" style=\"display: inline-block; width: 0px; overflow: hidden; line-height: 0;\" class=\"mce_SELRES_start\">\ufeff<\/span><span data-mce-type=\"bookmark\" style=\"display: inline-block; width: 0px; overflow: hidden; line-height: 0;\" class=\"mce_SELRES_start\">\ufeff<\/span>e=\"border:0;\" allowfullscreen=\"\" loading=\"lazy\"&gt;<\/iframe><\/code><\/p>\n","protected":false},"excerpt":{"rendered":"<p>Ayeses Teknoloji&nbsp; Ve G\u00fcvenlik Sistemleri Kaya\u015fehir 15.B\u00f6lge \u0130nci Sitesi \ufeff\ufeffe=&#8221;border:0;&#8221; allowfullscreen=&#8221;&#8221; loading=&#8221;lazy&#8221;&gt;<\/p>\n","protected":false},"author":1,"featured_media":0,"parent":0,"menu_order":0,"comment_status":"closed","ping_status":"closed","template":"page-templates\/contact.php","meta":{"om_disable_all_campaigns":false,"_monsterinsights_skip_tracking":false,"_monsterinsights_sitenote_active":false,"_monsterinsights_sitenote_note":"","_monsterinsights_sitenote_category":0},"aioseo_notices":[],"_links":{"self":[{"href":"https:\/\/www.ayesesteknoloji.com\/index.php?rest_route=\/wp\/v2\/pages\/124"}],"collection":[{"href":"https:\/\/www.ayesesteknoloji.com\/index.php?rest_route=\/wp\/v2\/pages"}],"about":[{"href":"https:\/\/www.ayesesteknoloji.com\/index.php?rest_route=\/wp\/v2\/types\/page"}],"author":[{"embeddable":true,"href":"https:\/\/www.ayesesteknoloji.com\/index.php?rest_route=\/wp\/v2\/users\/1"}],"replies":[{"embeddable":true,"href":"https:\/\/www.ayesesteknoloji.com\/index.php?rest_route=%2Fwp%2Fv2%2Fcomments&post=124"}],"version-history":[{"count":10,"href":"https:\/\/www.ayesesteknoloji.com\/index.php?rest_route=\/wp\/v2\/pages\/124\/revisions"}],"predecessor-version":[{"id":937,"href":"https:\/\/www.ayesesteknoloji.com\/index.php?rest_route=\/wp\/v2\/pages\/124\/revisions\/937"}],"wp:attachment":[{"href":"https:\/\/www.ayesesteknoloji.com\/index.php?rest_route=%2Fwp%2Fv2%2Fmedia&parent=124"}],"curies":[{"name":"wp","href":"https:\/\/api.w.org\/{rel}","templated":true}]}}