{"id":133,"date":"2021-03-22T21:28:18","date_gmt":"2021-03-22T21:28:18","guid":{"rendered":"http:\/\/www.ayesesteknoloji.com\/?page_id=133"},"modified":"2023-09-24T20:57:33","modified_gmt":"2023-09-24T20:57:33","slug":"kartli-gecis-sistemleri","status":"publish","type":"page","link":"https:\/\/www.ayesesteknoloji.com\/?page_id=133","title":{"rendered":"KARTLI GE\u00c7\u0130\u015e S\u0130STEMLER\u0130"},"content":{"rendered":"\n<!-- Google tag (gtag.js) -->\n<script async src=\"https:\/\/www.googletagmanager.com\/gtag\/js?id=AW-10969955635\"><\/script>\n<script>\n  window.dataLayer = window.dataLayer || [];\n  function gtag(){dataLayer.push(arguments);}\n  gtag('js', new Date());\n\n  gtag('config', 'AW-10969955635');\n<\/script>\n\n\n<div class=\"post-title\">\n<h3><img decoding=\"async\" loading=\"lazy\" class=\"size-medium wp-image-454 alignleft\" src=\"http:\/\/www.ayesesteknoloji.com\/wp-content\/uploads\/2021\/09\/kartli-gecis-sistemi-nedir-1-300x169.jpg\" alt=\"\" width=\"300\" height=\"169\" srcset=\"https:\/\/www.ayesesteknoloji.com\/wp-content\/uploads\/2021\/09\/kartli-gecis-sistemi-nedir-1-300x169.jpg 300w, https:\/\/www.ayesesteknoloji.com\/wp-content\/uploads\/2021\/09\/kartli-gecis-sistemi-nedir-1.jpg 512w\" sizes=\"(max-width: 300px) 100vw, 300px\" \/>KARTLI GE\u00c7\u0130\u015e S\u0130STEMLER\u0130<\/h3>\n<\/div>\n<div class=\"post-content\">\n<p>Ofisler, tesisler vb. yerlerde kontroll\u00fc giri\u015f \u00e7\u0131k\u0131\u015f sa\u011flaman\u0131n en yayg\u0131n ve kullan\u0131\u015fl\u0131 yolu Kartl\u0131 Ge\u00e7i\u015f Sistemleridir. Gittik\u00e7e kalabal\u0131kla\u015fan firmalarda her persenelin her oda veya b\u00f6l\u00fcme girmesini engellemek, bunlar\u0131 d\u00fczenlemek i\u00e7in kullan\u0131lan bu sistemler kolay kullan\u0131m \u015fekli ve ekonomik maliyetleri sebebiyle \u00e7ok fazla tercih edilmektedir.<\/p>\n<p>Kartl\u0131 ge\u00e7i\u015f sistemlerinde ana \u00fcr\u00fcnler kart okuyucu ve proximity kartd\u0131r. Ayr\u0131ca bu sistemler iki t\u00fcre ayr\u0131lmaktad\u0131r. Ba\u011f\u0131ms\u0131z ve network \u00fczerinden kontrol edilen. Ba\u011f\u0131ms\u0131z kartl\u0131 ge\u00e7i\u015f sistemlerinde her kap\u0131 ve her kart okuma cihaz\u0131 di\u011ferlerinden ba\u011f\u0131ms\u0131zd\u0131r ve hi\u00e7bir ortak altyap\u0131lar\u0131 yoktur. Bu sistemlerde yap\u0131lan giri\u015f-\u00e7\u0131k\u0131\u015flar kay\u0131t alt\u0131na al\u0131nmaz.<\/p>\n<p>Network \u00fczerinden kontrol edilen Kartl\u0131 Ge\u00e7i\u015f Sistemlerinde ise b\u00fct\u00fcn cihazlar ve kap\u0131lar network altyap\u0131s\u0131 \u00fczerinden birbirine ba\u011fl\u0131d\u0131r. Dolay\u0131s\u0131yla b\u00fct\u00fcn cihazlar ve kap\u0131lar tek bir bilgisayardan kontrol edilebilir. Kullan\u0131c\u0131 ekleme-silme, kullan\u0131c\u0131 yetkilerini de\u011fi\u015ftirme ve ge\u00e7mi\u015f giri\u015f-\u00e7\u0131k\u0131\u015f kay\u0131tlar\u0131n\u0131 g\u00f6rebilme gibi i\u015flemler yap\u0131labilir.<\/p>\n<p>Kartl\u0131 Ge\u00e7i\u015f Sistemlerinde kullan\u0131lan kartlar\u0131nda \u00f6zelliklerine g\u00f6re birden fazla \u00e7e\u015fidi bulunmaktad\u0131r. Yap\u0131lacak olan projeye g\u00f6re bu \u00fcr\u00fcnler de\u011fi\u015fiklik g\u00f6sterebilir.<\/p>\n<\/div>","protected":false},"excerpt":{"rendered":"<p>KARTLI GE\u00c7\u0130\u015e S\u0130STEMLER\u0130 Ofisler, tesisler vb. yerlerde kontroll\u00fc giri\u015f \u00e7\u0131k\u0131\u015f sa\u011flaman\u0131n en yayg\u0131n ve kullan\u0131\u015fl\u0131 yolu Kartl\u0131 Ge\u00e7i\u015f Sistemleridir. Gittik\u00e7e kalabal\u0131kla\u015fan firmalarda her persenelin her oda veya b\u00f6l\u00fcme girmesini engellemek, bunlar\u0131 d\u00fczenlemek i\u00e7in kullan\u0131lan bu sistemler kolay kullan\u0131m \u015fekli ve<\/p>\n","protected":false},"author":1,"featured_media":0,"parent":122,"menu_order":0,"comment_status":"closed","ping_status":"closed","template":"","meta":{"om_disable_all_campaigns":false,"_monsterinsights_skip_tracking":false,"_monsterinsights_sitenote_active":false,"_monsterinsights_sitenote_note":"","_monsterinsights_sitenote_category":0},"aioseo_notices":[],"_links":{"self":[{"href":"https:\/\/www.ayesesteknoloji.com\/index.php?rest_route=\/wp\/v2\/pages\/133"}],"collection":[{"href":"https:\/\/www.ayesesteknoloji.com\/index.php?rest_route=\/wp\/v2\/pages"}],"about":[{"href":"https:\/\/www.ayesesteknoloji.com\/index.php?rest_route=\/wp\/v2\/types\/page"}],"author":[{"embeddable":true,"href":"https:\/\/www.ayesesteknoloji.com\/index.php?rest_route=\/wp\/v2\/users\/1"}],"replies":[{"embeddable":true,"href":"https:\/\/www.ayesesteknoloji.com\/index.php?rest_route=%2Fwp%2Fv2%2Fcomments&post=133"}],"version-history":[{"count":5,"href":"https:\/\/www.ayesesteknoloji.com\/index.php?rest_route=\/wp\/v2\/pages\/133\/revisions"}],"predecessor-version":[{"id":904,"href":"https:\/\/www.ayesesteknoloji.com\/index.php?rest_route=\/wp\/v2\/pages\/133\/revisions\/904"}],"up":[{"embeddable":true,"href":"https:\/\/www.ayesesteknoloji.com\/index.php?rest_route=\/wp\/v2\/pages\/122"}],"wp:attachment":[{"href":"https:\/\/www.ayesesteknoloji.com\/index.php?rest_route=%2Fwp%2Fv2%2Fmedia&parent=133"}],"curies":[{"name":"wp","href":"https:\/\/api.w.org\/{rel}","templated":true}]}}