{"id":138,"date":"2021-03-22T21:29:39","date_gmt":"2021-03-22T21:29:39","guid":{"rendered":"http:\/\/www.ayesesteknoloji.com\/?page_id=138"},"modified":"2025-04-26T14:48:17","modified_gmt":"2025-04-26T14:48:17","slug":"yangin-alarm-sistemleri","status":"publish","type":"page","link":"https:\/\/www.ayesesteknoloji.com\/?page_id=138","title":{"rendered":"YANGIN ALARM S\u0130STEMLER\u0130"},"content":{"rendered":"<h1><img decoding=\"async\" loading=\"lazy\" class=\"size-medium wp-image-322 alignleft\" src=\"http:\/\/www.ayesesteknoloji.com\/wp-content\/uploads\/2021\/03\/sistem_karsilastirma_2-300x121.jpg\" alt=\"\" width=\"300\" height=\"121\">Yang\u0131n Alarm ve \u0130hbar Sistemleri<\/h1>\n<p>Yang\u0131n alarm ve ihbar sistemleri, olas\u0131 bir yang\u0131n durumunun hen\u00fcz ba\u015flang\u0131c\u0131 s\u0131ras\u0131nda alg\u0131lan\u0131p \u00e7e\u015fitli uyar\u0131c\u0131lar ile insanlar\u0131 bu durumdan haberdar etmeye yarayan sistemlerin genel ad\u0131d\u0131r. Bir yap\u0131 i\u00e7erisinde kullan\u0131lmas\u0131 gereken t\u00fcm zay\u0131f ak\u0131m sistemlerinin belki de en \u00f6nemlisi yang\u0131n alarm ve ihbar sistemleridir.<\/p>\n<p>Yang\u0131n alarm sistemleri temel olarak \u015fu bile\u015fenlerden olu\u015fur;<\/p>\n<ul>\n<li>Ortamdaki yang\u0131n durumunu hen\u00fcz ba\u015flang\u0131\u00e7 a\u015famas\u0131nda iken alg\u0131layabilecek dedekt\u00f6rler (optik duman dedekt\u00f6r\u00fc, \u0131s\u0131 dedekt\u00f6r\u00fc, kombine dedekt\u00f6r, gaz dedekt\u00f6r\u00fc, \u0131\u015f\u0131n tipi dedekt\u00f6r vb.)<\/li>\n<li>Yang\u0131n durumunun g\u00f6zle g\u00f6r\u00fclmesi durumunda insanlar\u0131n el ile ihbar sistemini aktif etmesine imk\u00e2n veren yang\u0131n butonlar\u0131<\/li>\n<li>Alarm durumunda sesli ve g\u00f6rsel bir \u015fekilde insanlar\u0131n uyar\u0131lmas\u0131n\u0131 sa\u011flayan siren ve fla\u015f\u00f6rler<\/li>\n<li>Yang\u0131n durumunda farkl\u0131 bir sistem ile etkile\u015fime ge\u00e7mek ve bu sistemleri \u00e7al\u0131\u015ft\u0131rmak ya da durdurmak i\u00e7in kullan\u0131lan I\/O (giri\u015f \/ \u00e7\u0131k\u0131\u015f) mod\u00fclleri<\/li>\n<li>T\u00fcm bu sistemi kontrol eden ve y\u00f6neten kontrol panelleri.<\/li>\n<\/ul>\n<p>Yang\u0131n Alarm sistemlerinin sa\u011fl\u0131kl\u0131 bir \u015fekilde \u00e7al\u0131\u015fmas\u0131 ve g\u00f6revini yerine getirmesi direkt olarak insan hayat\u0131na etki etti\u011finden, belirli standartlarda \u00fcretilmesi gerekmektedir. Bir yang\u0131n alarm sisteminin gerekli standartlarda \u00fcretildi\u011fi, sahip oldu\u011fu sertifikalardan anla\u015f\u0131labilmektedir. Bu sertifikalar ba\u011f\u0131ms\u0131z kurulu\u015flar ve akredite laboratuvarlar\u0131 taraf\u0131ndan test edilerek verilmektedir. \u00dclkemiz, Avrupa Birli\u011fi taraf\u0131ndan belirlenmi\u015f olan Yang\u0131n alg\u0131lama ve ihbar sistemleri i\u00e7in haz\u0131rlanm\u0131\u015f&nbsp;<strong>EN54<\/strong>&nbsp;ba\u015fl\u0131\u011f\u0131 alt\u0131ndaki kalite standartlar\u0131na tabidir.<\/p>\n\n\n<!-- Google tag (gtag.js) -->\n<script async=\"\" src=\"https:\/\/www.googletagmanager.com\/gtag\/js?id=AW-10969955635\"><\/script>\n<script>\n  window.dataLayer = window.dataLayer || [];\n  function gtag(){dataLayer.push(arguments);}\n  gtag('js', new Date());\n\n  gtag('config', 'AW-10969955635');\n<\/script>\n","protected":false},"excerpt":{"rendered":"<p>Yang\u0131n Alarm ve \u0130hbar Sistemleri Yang\u0131n alarm ve ihbar sistemleri, olas\u0131 bir yang\u0131n durumunun hen\u00fcz ba\u015flang\u0131c\u0131 s\u0131ras\u0131nda alg\u0131lan\u0131p \u00e7e\u015fitli uyar\u0131c\u0131lar ile insanlar\u0131 bu durumdan haberdar etmeye yarayan sistemlerin genel ad\u0131d\u0131r. Bir yap\u0131 i\u00e7erisinde kullan\u0131lmas\u0131 gereken t\u00fcm zay\u0131f ak\u0131m sistemlerinin belki<\/p>\n","protected":false},"author":1,"featured_media":0,"parent":122,"menu_order":0,"comment_status":"closed","ping_status":"closed","template":"","meta":{"om_disable_all_campaigns":false,"_monsterinsights_skip_tracking":false,"_monsterinsights_sitenote_active":false,"_monsterinsights_sitenote_note":"","_monsterinsights_sitenote_category":0},"aioseo_notices":[],"_links":{"self":[{"href":"https:\/\/www.ayesesteknoloji.com\/index.php?rest_route=\/wp\/v2\/pages\/138"}],"collection":[{"href":"https:\/\/www.ayesesteknoloji.com\/index.php?rest_route=\/wp\/v2\/pages"}],"about":[{"href":"https:\/\/www.ayesesteknoloji.com\/index.php?rest_route=\/wp\/v2\/types\/page"}],"author":[{"embeddable":true,"href":"https:\/\/www.ayesesteknoloji.com\/index.php?rest_route=\/wp\/v2\/users\/1"}],"replies":[{"embeddable":true,"href":"https:\/\/www.ayesesteknoloji.com\/index.php?rest_route=%2Fwp%2Fv2%2Fcomments&post=138"}],"version-history":[{"count":8,"href":"https:\/\/www.ayesesteknoloji.com\/index.php?rest_route=\/wp\/v2\/pages\/138\/revisions"}],"predecessor-version":[{"id":969,"href":"https:\/\/www.ayesesteknoloji.com\/index.php?rest_route=\/wp\/v2\/pages\/138\/revisions\/969"}],"up":[{"embeddable":true,"href":"https:\/\/www.ayesesteknoloji.com\/index.php?rest_route=\/wp\/v2\/pages\/122"}],"wp:attachment":[{"href":"https:\/\/www.ayesesteknoloji.com\/index.php?rest_route=%2Fwp%2Fv2%2Fmedia&parent=138"}],"curies":[{"name":"wp","href":"https:\/\/api.w.org\/{rel}","templated":true}]}}