{"id":140,"date":"2021-03-22T21:30:49","date_gmt":"2021-03-22T21:30:49","guid":{"rendered":"http:\/\/www.ayesesteknoloji.com\/?page_id=140"},"modified":"2023-09-24T20:56:40","modified_gmt":"2023-09-24T20:56:40","slug":"bariyer-ve-plaka-tanima-sistemleri","status":"publish","type":"page","link":"https:\/\/www.ayesesteknoloji.com\/?page_id=140","title":{"rendered":"BAR\u0130YER VE PLAKA TANIMA S\u0130STEMLER\u0130"},"content":{"rendered":"\n<!-- Google tag (gtag.js) -->\n<script async src=\"https:\/\/www.googletagmanager.com\/gtag\/js?id=AW-10969955635\"><\/script>\n<script>\n  window.dataLayer = window.dataLayer || [];\n  function gtag(){dataLayer.push(arguments);}\n  gtag('js', new Date());\n\n  gtag('config', 'AW-10969955635');\n<\/script>\n\n\n<p><strong><img decoding=\"async\" loading=\"lazy\" class=\"size-medium wp-image-816 alignleft\" src=\"http:\/\/www.ayesesteknoloji.com\/wp-content\/uploads\/2023\/03\/admin-ajax-1-300x180.jpeg\" alt=\"\" width=\"300\" height=\"180\" srcset=\"https:\/\/www.ayesesteknoloji.com\/wp-content\/uploads\/2023\/03\/admin-ajax-1-300x180.jpeg 300w, https:\/\/www.ayesesteknoloji.com\/wp-content\/uploads\/2023\/03\/admin-ajax-1.jpeg 528w\" sizes=\"(max-width: 300px) 100vw, 300px\" \/>PLAKA TANIMA S\u0130STEM\u0130<\/strong><\/p>\n<p>Plaka tan\u0131ma sistemi otoparklarda sisteme kay\u0131tl\u0131 abone ara\u00e7lara otomatik bariyer a\u00e7ar LED panoda bilgi verir, otoparklar\u0131n t\u00fcm\u00fcnde doluluk oran\u0131n\u0131 tespit eder ve saat baz\u0131nda \u2013&nbsp; g\u00fcnl\u00fck \u2013 ayl\u0131k \u2013 y\u0131ll\u0131k raporlar verir.<\/p>\n<p>Plaka tan\u0131ma sistemi sayesinde otopark\u0131n\u0131za tam otomatik \u015fekilde giri\u015f yapman\u0131z m\u00fcmk\u00fcnd\u00fcr. Kart, OGS cihaz\u0131, TAG, etiket, uzaktan kumanda gibi cihazlara ihtiyac\u0131n\u0131z yoktur bu sebeple i\u015fletim maliyeti s\u0131f\u0131rd\u0131r ve 10 y\u0131l boyunca otopark\u0131n\u0131za giri\u015f yapan ara\u00e7larla ilgili resimli raporlar alarak g\u00fcvenli\u011fide sa\u011flam\u0131\u015f olursunuz.<\/p>\n<h3><em><strong>Giri\u015f \u00c7\u0131k\u0131\u015f Kontrol\u00fc<\/strong><\/em><\/h3>\n<p>T\u00fcm otopark giri\u015f\/\u00e7\u0131k\u0131\u015f noktalar\u0131 kontrol alt\u0131na al\u0131n\u0131r. Otoparka giri\u015f ve \u00e7\u0131k\u0131\u015f yapan her arac\u0131n foto\u011fraf, plaka, giri\u015f\/\u00e7\u0131k\u0131\u015f zaman\u0131, misafir ara\u00e7lar\u0131n nereye, ne ama\u00e7la ve ne zaman ziyarete geldi\u011fi sistem taraf\u0131ndan kay\u0131t alt\u0131na al\u0131narak y\u0131l, ay, g\u00fcn bazl\u0131 veritaban\u0131nda saklan\u0131r ve gerekti\u011fi durumlarda \u00e7ok ayr\u0131nt\u0131l\u0131 raporlar verilir. Raporlar yaz\u0131c\u0131dan \u00e7\u0131kt\u0131 al\u0131nabilir ve resimli PDF, Word, excel formatlar\u0131nda ar\u015fivlenebilir.<\/p>\n<div id=\"yaz-7\">\n<h3><em><strong>Abone Ara\u00e7 \/ Otomatik Ge\u00e7i\u015f<\/strong><\/em><\/h3>\n<p>Sistem otomatik olarak her gelen arac\u0131n plakas\u0131n\u0131 tan\u0131r ve milisaniyeler mertebesinde abone olup olmad\u0131\u011f\u0131n\u0131 sorgular; ara\u00e7 abone ise otomatik bariyer a\u00e7\u0131larak arac\u0131n otoparka giri\u015fi sa\u011flan\u0131r. Otomatik ge\u00e7i\u015f izni verilen ara\u00e7 bilgileri ve ara\u00e7 plakas\u0131, ara\u00e7 sahibinin bilgileri ile birlikte sisteme girilir. \u015eah\u0131s, daire yada firma bilgileri sisteme tan\u0131mland\u0131ktan sonra otoparka giri\u015f yapaca\u011f\u0131 b\u00fct\u00fcn ara\u00e7lar\u0131 sisteme dahil edilerek, ka\u00e7 adet ara\u00e7 izni oldu\u011fu belirtilir. Bu sayede sitede her daire sakinine ait birden fazla ara\u00e7 plakas\u0131 girilir, fakat ayn\u0131 anda&nbsp;ka\u00e7 adet ara\u00e7 park izni varsa o kadar arac\u0131 giri\u015f yapar.<\/p>\n<h3><em><strong>Kara Liste Ara\u00e7 Kontrol\u00fc<\/strong><\/em><\/h3>\n<p>Otoparka giri\u015fini istemedi\u011finiz yada giri\u015f yapmak istedi\u011finde uyar\u0131 (sesli,g\u00f6rsel) vermesini istedi\u011finiz ara\u00e7 plakalar\u0131 sisteme tan\u0131t\u0131labilir. Belirledi\u011finiz ara\u00e7lar otopark\u0131n\u0131z\u0131n giri\u015f kap\u0131s\u0131na yakla\u015ft\u0131\u011f\u0131nda sistem otomatik olarak uyar\u0131 verir.<\/p>\n<h3><em><strong>Misafir (Ziyaret\u00e7i)&nbsp;Ara\u00e7 Giri\u015fi<\/strong><\/em><\/h3>\n<p>Misafir ara\u00e7 giri\u015fi olan otoparklarda izinsiz giri\u015flerin yap\u0131lamamas\u0131 ve park etmek isteyen ara\u00e7lar\u0131n ne ama\u00e7la hangi daireyi, ki\u015fiyi veya firmay\u0131 ziyaret&nbsp;edece\u011fi bilgilerini girmenize yarar daha sonra bu bilgilerin raporlar\u0131n\u0131da alabilirsiniz.<\/p>\n<h3><em><strong>Raporlama \u0130\u015flemi<\/strong><\/em><\/h3>\n<p>Ara\u00e7 giri\u015f\/\u00e7\u0131k\u0131\u015f bilgileri, abone\/otomatik ge\u00e7i\u015f, misafir ara\u00e7lar, foto\u011fraf ve plakalar\u0131 ile bereber raporlanabilir ve bu bilgiler istenildi\u011fi zaman plaka, tarih gibi sorgulama y\u00f6ntemleri ile bilgileri istenildi\u011fi saatte otomatik olarak E-mail ile istedi\u011finiz mail adreslerine foro\u011fraflar\u0131 ile beraber g\u00f6nderebilir, rapor listelerini PDF, EXCEL, WORD&nbsp;formatlar\u0131nda alabilirsiniz.<\/p>\n<h3><em><strong>Kullan\u0131c\u0131 Yetkilendirme (Yetki Seviyesi Belirleme)<\/strong><\/em><\/h3>\n<p>Sistem kullan\u0131c\u0131 bazl\u0131 \u00e7al\u0131\u015f\u0131r her operat\u00f6r\/g\u00fcvenlik g\u00f6revlisi kendi kullan\u0131c\u0131 ad\u0131 ve \u015fifresi ile n\u00f6bet saatlerinde sistemi a\u00e7ar olay ve sebeplerin hangi g\u00f6revli n\u00f6betinde ve ne zaman ortaya \u00e7\u0131kt\u0131\u011f\u0131 sistemden g\u00f6r\u00fclebilir. Abone\/Otomatik Ge\u00e7i\u015f, Karaliste Plaka tan\u0131mlamalar\u0131 gibi \u00f6zel i\u015flemler sistem y\u00f6neticisi taraf\u0131nda ger\u00e7ekle\u015ftirilir.<\/p>\n<\/div>\n<p><!--more--><\/p>","protected":false},"excerpt":{"rendered":"<p>PLAKA TANIMA S\u0130STEM\u0130 Plaka tan\u0131ma sistemi otoparklarda sisteme kay\u0131tl\u0131 abone ara\u00e7lara otomatik bariyer a\u00e7ar LED panoda bilgi verir, otoparklar\u0131n t\u00fcm\u00fcnde doluluk oran\u0131n\u0131 tespit eder ve saat baz\u0131nda \u2013&nbsp; g\u00fcnl\u00fck \u2013 ayl\u0131k \u2013 y\u0131ll\u0131k raporlar verir. Plaka tan\u0131ma sistemi sayesinde otopark\u0131n\u0131za<\/p>\n","protected":false},"author":1,"featured_media":0,"parent":122,"menu_order":0,"comment_status":"closed","ping_status":"closed","template":"","meta":{"om_disable_all_campaigns":false,"_monsterinsights_skip_tracking":false,"_monsterinsights_sitenote_active":false,"_monsterinsights_sitenote_note":"","_monsterinsights_sitenote_category":0},"aioseo_notices":[],"_links":{"self":[{"href":"https:\/\/www.ayesesteknoloji.com\/index.php?rest_route=\/wp\/v2\/pages\/140"}],"collection":[{"href":"https:\/\/www.ayesesteknoloji.com\/index.php?rest_route=\/wp\/v2\/pages"}],"about":[{"href":"https:\/\/www.ayesesteknoloji.com\/index.php?rest_route=\/wp\/v2\/types\/page"}],"author":[{"embeddable":true,"href":"https:\/\/www.ayesesteknoloji.com\/index.php?rest_route=\/wp\/v2\/users\/1"}],"replies":[{"embeddable":true,"href":"https:\/\/www.ayesesteknoloji.com\/index.php?rest_route=%2Fwp%2Fv2%2Fcomments&post=140"}],"version-history":[{"count":8,"href":"https:\/\/www.ayesesteknoloji.com\/index.php?rest_route=\/wp\/v2\/pages\/140\/revisions"}],"predecessor-version":[{"id":901,"href":"https:\/\/www.ayesesteknoloji.com\/index.php?rest_route=\/wp\/v2\/pages\/140\/revisions\/901"}],"up":[{"embeddable":true,"href":"https:\/\/www.ayesesteknoloji.com\/index.php?rest_route=\/wp\/v2\/pages\/122"}],"wp:attachment":[{"href":"https:\/\/www.ayesesteknoloji.com\/index.php?rest_route=%2Fwp%2Fv2%2Fmedia&parent=140"}],"curies":[{"name":"wp","href":"https:\/\/api.w.org\/{rel}","templated":true}]}}