{"id":236,"date":"2021-03-24T20:33:55","date_gmt":"2021-03-24T20:33:55","guid":{"rendered":"http:\/\/www.ayesesteknoloji.com\/?page_id=236"},"modified":"2025-06-24T20:04:23","modified_gmt":"2025-06-24T20:04:23","slug":"referanslarimiz","status":"publish","type":"page","link":"https:\/\/www.ayesesteknoloji.com\/?page_id=236","title":{"rendered":"REFERANSLARIMIZ"},"content":{"rendered":"\n<!-- Google tag (gtag.js) -->\n<script async=\"\" src=\"https:\/\/www.googletagmanager.com\/gtag\/js?id=AW-10969955635\"><\/script>\n<script>\n  window.dataLayer = window.dataLayer || [];\n  function gtag(){dataLayer.push(arguments);}\n  gtag('js', new Date());\n\n  gtag('config', 'AW-10969955635');\n<\/script>\n\n\n<p>\u00a0<\/p>\n<p>\u00a0<\/p>\n<center><strong>REFERANSLARIMIZDAN BAZILARI<\/strong>\n<p>\u00a0<\/p>\n<div id='gallery-1' class='gallery galleryid-236 gallery-columns-3 gallery-size-medium'><figure class='gallery-item'>\n\t\t\t<div class='gallery-icon landscape'>\n\t\t\t\t<a href='https:\/\/www.ayesesteknoloji.com\/wp-content\/uploads\/2021\/03\/BURSA-G\u00dcRSU-e1662493115519.jpg'><img width=\"300\" height=\"300\" src=\"https:\/\/www.ayesesteknoloji.com\/wp-content\/uploads\/2021\/03\/BURSA-G\u00dcRSU-300x300.jpg\" class=\"attachment-medium size-medium\" alt=\"metin\" decoding=\"async\" loading=\"lazy\" aria-describedby=\"gallery-1-344\" \/><\/a>\n\t\t\t<\/div>\n\t\t\t\t<figcaption class='wp-caption-text gallery-caption' id='gallery-1-344'>\n\t\t\t\tAhd Kamera \u0130\u015fleri\n\t\t\t\t<\/figcaption><\/figure><figure class='gallery-item'>\n\t\t\t<div class='gallery-icon landscape'>\n\t\t\t\t<a href='https:\/\/www.ayesesteknoloji.com\/wp-content\/uploads\/2021\/03\/EMLAK-KONUT-e1662493135491.jpg'><img width=\"300\" height=\"300\" src=\"https:\/\/www.ayesesteknoloji.com\/wp-content\/uploads\/2021\/03\/EMLAK-KONUT-300x300.jpg\" class=\"attachment-medium size-medium\" alt=\"\" decoding=\"async\" loading=\"lazy\" aria-describedby=\"gallery-1-345\" \/><\/a>\n\t\t\t<\/div>\n\t\t\t\t<figcaption class='wp-caption-text gallery-caption' id='gallery-1-345'>\n\t\t\t\tPlaka Tan\u0131ma Ve Kamera \u0130\u015fleri\n\t\t\t\t<\/figcaption><\/figure><figure class='gallery-item'>\n\t\t\t<div class='gallery-icon landscape'>\n\t\t\t\t<a href='https:\/\/www.ayesesteknoloji.com\/wp-content\/uploads\/2021\/03\/VAD\u01301-e1662493149592.jpg'><img width=\"300\" height=\"300\" src=\"https:\/\/www.ayesesteknoloji.com\/wp-content\/uploads\/2021\/03\/VAD\u01301-300x300.jpg\" class=\"attachment-medium size-medium\" alt=\"\" decoding=\"async\" loading=\"lazy\" aria-describedby=\"gallery-1-347\" srcset=\"https:\/\/www.ayesesteknoloji.com\/wp-content\/uploads\/2021\/03\/VAD\u01301-300x300.jpg 300w, https:\/\/www.ayesesteknoloji.com\/wp-content\/uploads\/2021\/03\/VAD\u01301-e1662493149592-150x150.jpg 150w, https:\/\/www.ayesesteknoloji.com\/wp-content\/uploads\/2021\/03\/VAD\u01301-e1662492837441-230x230.jpg 230w\" sizes=\"(max-width: 300px) 100vw, 300px\" \/><\/a>\n\t\t\t<\/div>\n\t\t\t\t<figcaption class='wp-caption-text gallery-caption' id='gallery-1-347'>\n\t\t\t\tPlaka Tan\u0131ma Bak\u0131m \u0130\u015fleri\n\t\t\t\t<\/figcaption><\/figure><figure class='gallery-item'>\n\t\t\t<div class='gallery-icon landscape'>\n\t\t\t\t<a href='https:\/\/www.ayesesteknoloji.com\/wp-content\/uploads\/2022\/09\/indir-e1662493163380.png'><img width=\"200\" height=\"179\" src=\"https:\/\/www.ayesesteknoloji.com\/wp-content\/uploads\/2022\/09\/indir-e1662493163380.png\" class=\"attachment-medium size-medium\" alt=\"\" decoding=\"async\" loading=\"lazy\" aria-describedby=\"gallery-1-602\" \/><\/a>\n\t\t\t<\/div>\n\t\t\t\t<figcaption class='wp-caption-text gallery-caption' id='gallery-1-602'>\n\t\t\t\tPlaka Tan\u0131ma Bak\u0131m \u0130\u015fleri\n\t\t\t\t<\/figcaption><\/figure><figure class='gallery-item'>\n\t\t\t<div class='gallery-icon landscape'>\n\t\t\t\t<a href='https:\/\/www.ayesesteknoloji.com\/wp-content\/uploads\/2021\/03\/ESENLER-e1662493176885.png'><img width=\"300\" height=\"117\" src=\"https:\/\/www.ayesesteknoloji.com\/wp-content\/uploads\/2021\/03\/ESENLER-300x117.png\" class=\"attachment-medium size-medium\" alt=\"\" decoding=\"async\" loading=\"lazy\" aria-describedby=\"gallery-1-346\" srcset=\"https:\/\/www.ayesesteknoloji.com\/wp-content\/uploads\/2021\/03\/ESENLER-300x117.png 300w, https:\/\/www.ayesesteknoloji.com\/wp-content\/uploads\/2021\/03\/ESENLER-e1662493176885.png 200w\" sizes=\"(max-width: 300px) 100vw, 300px\" \/><\/a>\n\t\t\t<\/div>\n\t\t\t\t<figcaption class='wp-caption-text gallery-caption' id='gallery-1-346'>\n\t\t\t\tAsans\u00f6r Kamera Sistemi \u0130\u015fi\n\t\t\t\t<\/figcaption><\/figure><figure class='gallery-item'>\n\t\t\t<div class='gallery-icon landscape'>\n\t\t\t\t<a href='https:\/\/www.ayesesteknoloji.com\/wp-content\/uploads\/2021\/09\/logo-e1662492544606.png'><img width=\"300\" height=\"160\" src=\"https:\/\/www.ayesesteknoloji.com\/wp-content\/uploads\/2021\/09\/logo-300x160.png\" class=\"attachment-medium size-medium\" alt=\"\" decoding=\"async\" loading=\"lazy\" aria-describedby=\"gallery-1-420\" srcset=\"https:\/\/www.ayesesteknoloji.com\/wp-content\/uploads\/2021\/09\/logo-e1662492544606.png 300w, https:\/\/www.ayesesteknoloji.com\/wp-content\/uploads\/2021\/09\/logo-768x409.png 768w\" sizes=\"(max-width: 300px) 100vw, 300px\" \/><\/a>\n\t\t\t<\/div>\n\t\t\t\t<figcaption class='wp-caption-text gallery-caption' id='gallery-1-420'>\n\t\t\t\t16 Adet \u0130P Kamera \u0130\u015fi\n\t\t\t\t<\/figcaption><\/figure><figure class='gallery-item'>\n\t\t\t<div class='gallery-icon landscape'>\n\t\t\t\t<a href='https:\/\/www.ayesesteknoloji.com\/wp-content\/uploads\/2022\/01\/Ekran-goruntusu-2022-01-23-224056-e1662493197273.jpg'><img width=\"300\" height=\"84\" src=\"https:\/\/www.ayesesteknoloji.com\/wp-content\/uploads\/2022\/01\/Ekran-goruntusu-2022-01-23-224056-300x84.jpg\" class=\"attachment-medium size-medium\" alt=\"\" decoding=\"async\" loading=\"lazy\" aria-describedby=\"gallery-1-476\" srcset=\"https:\/\/www.ayesesteknoloji.com\/wp-content\/uploads\/2022\/01\/Ekran-goruntusu-2022-01-23-224056-300x84.jpg 300w, https:\/\/www.ayesesteknoloji.com\/wp-content\/uploads\/2022\/01\/Ekran-goruntusu-2022-01-23-224056-e1662493197273.jpg 200w\" sizes=\"(max-width: 300px) 100vw, 300px\" \/><\/a>\n\t\t\t<\/div>\n\t\t\t\t<figcaption class='wp-caption-text gallery-caption' id='gallery-1-476'>\n\t\t\t\t8 Kap\u0131l\u0131 Kartl\u0131 Ge\u00e7i\u015f \u0130\u015fi\n\t\t\t\t<\/figcaption><\/figure><figure class='gallery-item'>\n\t\t\t<div class='gallery-icon landscape'>\n\t\t\t\t<a href='https:\/\/www.ayesesteknoloji.com\/wp-content\/uploads\/2023\/12\/Noter-e1701799894470.jpg'><img width=\"300\" height=\"201\" src=\"https:\/\/www.ayesesteknoloji.com\/wp-content\/uploads\/2023\/12\/Noter-e1701799894470-300x201.jpg\" class=\"attachment-medium size-medium\" alt=\"\" decoding=\"async\" loading=\"lazy\" aria-describedby=\"gallery-1-911\" srcset=\"https:\/\/www.ayesesteknoloji.com\/wp-content\/uploads\/2023\/12\/Noter-e1701799894470-300x201.jpg 300w, https:\/\/www.ayesesteknoloji.com\/wp-content\/uploads\/2023\/12\/Noter-e1701799894470-1024x687.jpg 1024w, https:\/\/www.ayesesteknoloji.com\/wp-content\/uploads\/2023\/12\/Noter-e1701799894470-768x515.jpg 768w, https:\/\/www.ayesesteknoloji.com\/wp-content\/uploads\/2023\/12\/Noter-e1701799894470.jpg 1204w\" sizes=\"(max-width: 300px) 100vw, 300px\" \/><\/a>\n\t\t\t<\/div>\n\t\t\t\t<figcaption class='wp-caption-text gallery-caption' id='gallery-1-911'>\n\t\t\t\tBeyo\u011flu 29.Noterli\u011f Elektrik ve Zay\u0131f Ak\u0131m i\u015fleri\n\t\t\t\t<\/figcaption><\/figure><figure class='gallery-item'>\n\t\t\t<div class='gallery-icon landscape'>\n\t\t\t\t<a href='https:\/\/www.ayesesteknoloji.com\/wp-content\/uploads\/2023\/12\/WhatsApp-Gorsel-2023-12-05-saat-21.32.31_c5753d00-e1701801614819.jpg'><img width=\"300\" height=\"272\" src=\"https:\/\/www.ayesesteknoloji.com\/wp-content\/uploads\/2023\/12\/WhatsApp-Gorsel-2023-12-05-saat-21.32.31_c5753d00-e1701801614819-300x272.jpg\" class=\"attachment-medium size-medium\" alt=\"\" decoding=\"async\" loading=\"lazy\" aria-describedby=\"gallery-1-914\" srcset=\"https:\/\/www.ayesesteknoloji.com\/wp-content\/uploads\/2023\/12\/WhatsApp-Gorsel-2023-12-05-saat-21.32.31_c5753d00-e1701801614819-300x272.jpg 300w, https:\/\/www.ayesesteknoloji.com\/wp-content\/uploads\/2023\/12\/WhatsApp-Gorsel-2023-12-05-saat-21.32.31_c5753d00-e1701801614819-768x696.jpg 768w, https:\/\/www.ayesesteknoloji.com\/wp-content\/uploads\/2023\/12\/WhatsApp-Gorsel-2023-12-05-saat-21.32.31_c5753d00-e1701801614819.jpg 800w\" sizes=\"(max-width: 300px) 100vw, 300px\" \/><\/a>\n\t\t\t<\/div>\n\t\t\t\t<figcaption class='wp-caption-text gallery-caption' id='gallery-1-914'>\n\t\t\t\t8 Adet \u0130P K\u00fcp Kamera \u0130\u015fi\n\t\t\t\t<\/figcaption><\/figure><figure class='gallery-item'>\n\t\t\t<div class='gallery-icon landscape'>\n\t\t\t\t<a href='https:\/\/www.ayesesteknoloji.com\/wp-content\/uploads\/2023\/12\/botanica5-e1701802137995.jpg'><img width=\"300\" height=\"188\" src=\"https:\/\/www.ayesesteknoloji.com\/wp-content\/uploads\/2023\/12\/botanica5-e1701802137995-300x188.jpg\" class=\"attachment-medium size-medium\" alt=\"\" decoding=\"async\" loading=\"lazy\" aria-describedby=\"gallery-1-916\" srcset=\"https:\/\/www.ayesesteknoloji.com\/wp-content\/uploads\/2023\/12\/botanica5-e1701802137995-300x188.jpg 300w, https:\/\/www.ayesesteknoloji.com\/wp-content\/uploads\/2023\/12\/botanica5-e1701802137995-768x482.jpg 768w, https:\/\/www.ayesesteknoloji.com\/wp-content\/uploads\/2023\/12\/botanica5-e1701802137995.jpg 800w\" sizes=\"(max-width: 300px) 100vw, 300px\" \/><\/a>\n\t\t\t<\/div>\n\t\t\t\t<figcaption class='wp-caption-text gallery-caption' id='gallery-1-916'>\n\t\t\t\tBotanica \u00c7i\u00e7ek Vadistanbul\n\t\t\t\t<\/figcaption><\/figure><figure class='gallery-item'>\n\t\t\t<div class='gallery-icon landscape'>\n\t\t\t\t<a href='https:\/\/www.ayesesteknoloji.com\/wp-content\/uploads\/2024\/02\/emirgan.jpg'><img width=\"300\" height=\"225\" src=\"https:\/\/www.ayesesteknoloji.com\/wp-content\/uploads\/2024\/02\/emirgan-300x225.jpg\" class=\"attachment-medium size-medium\" alt=\"\" decoding=\"async\" loading=\"lazy\" aria-describedby=\"gallery-1-921\" srcset=\"https:\/\/www.ayesesteknoloji.com\/wp-content\/uploads\/2024\/02\/emirgan-300x225.jpg 300w, https:\/\/www.ayesesteknoloji.com\/wp-content\/uploads\/2024\/02\/emirgan.jpg 528w\" sizes=\"(max-width: 300px) 100vw, 300px\" \/><\/a>\n\t\t\t<\/div>\n\t\t\t\t<figcaption class='wp-caption-text gallery-caption' id='gallery-1-921'>\n\t\t\t\tBa\u015fak\u015fehir 5.Etap Emirgan Sitesi\n\t\t\t\t<\/figcaption><\/figure><figure class='gallery-item'>\n\t\t\t<div class='gallery-icon landscape'>\n\t\t\t\t<a href='https:\/\/www.ayesesteknoloji.com\/wp-content\/uploads\/2024\/10\/images.jpeg'><img width=\"225\" height=\"225\" src=\"https:\/\/www.ayesesteknoloji.com\/wp-content\/uploads\/2024\/10\/images.jpeg\" class=\"attachment-medium size-medium\" alt=\"\" decoding=\"async\" loading=\"lazy\" aria-describedby=\"gallery-1-939\" srcset=\"https:\/\/www.ayesesteknoloji.com\/wp-content\/uploads\/2024\/10\/images.jpeg 225w, https:\/\/www.ayesesteknoloji.com\/wp-content\/uploads\/2024\/10\/images-150x150.jpeg 150w\" sizes=\"(max-width: 225px) 100vw, 225px\" \/><\/a>\n\t\t\t<\/div>\n\t\t\t\t<figcaption class='wp-caption-text gallery-caption' id='gallery-1-939'>\n\t\t\t\tTacofit Bak\u0131rk\u00f6y \u015eubesi 4 Adet Ahd Kamera \u0130\u015fi\n\t\t\t\t<\/figcaption><\/figure><figure class='gallery-item'>\n\t\t\t<div class='gallery-icon landscape'>\n\t\t\t\t<a href='https:\/\/www.ayesesteknoloji.com\/wp-content\/uploads\/2024\/11\/logo.png'><img width=\"125\" height=\"101\" src=\"https:\/\/www.ayesesteknoloji.com\/wp-content\/uploads\/2024\/11\/logo.png\" class=\"attachment-medium size-medium\" alt=\"\" decoding=\"async\" loading=\"lazy\" aria-describedby=\"gallery-1-941\" \/><\/a>\n\t\t\t<\/div>\n\t\t\t\t<figcaption class='wp-caption-text gallery-caption' id='gallery-1-941'>\n\t\t\t\tAkman Kau\u00e7uk Plastik 8 Adet Ahd Kamera \u0130\u015fi\n\t\t\t\t<\/figcaption><\/figure><figure class='gallery-item'>\n\t\t\t<div class='gallery-icon landscape'>\n\t\t\t\t<a href='https:\/\/www.ayesesteknoloji.com\/wp-content\/uploads\/2024\/11\/images-1.jpeg'><img width=\"297\" height=\"170\" src=\"https:\/\/www.ayesesteknoloji.com\/wp-content\/uploads\/2024\/11\/images-1.jpeg\" class=\"attachment-medium size-medium\" alt=\"\" decoding=\"async\" loading=\"lazy\" aria-describedby=\"gallery-1-945\" \/><\/a>\n\t\t\t<\/div>\n\t\t\t\t<figcaption class='wp-caption-text gallery-caption' id='gallery-1-945'>\n\t\t\t\tA.Osso Tantuni Ba\u015fak\u015fehir 4 Adet Ahd Kamera \u0130\u015fi\n\t\t\t\t<\/figcaption><\/figure><figure class='gallery-item'>\n\t\t\t<div class='gallery-icon landscape'>\n\t\t\t\t<a href='https:\/\/www.ayesesteknoloji.com\/wp-content\/uploads\/2024\/12\/canyildizlogo.png'><img width=\"300\" height=\"101\" src=\"https:\/\/www.ayesesteknoloji.com\/wp-content\/uploads\/2024\/12\/canyildizlogo-300x101.png\" class=\"attachment-medium size-medium\" alt=\"\" decoding=\"async\" loading=\"lazy\" aria-describedby=\"gallery-1-959\" srcset=\"https:\/\/www.ayesesteknoloji.com\/wp-content\/uploads\/2024\/12\/canyildizlogo-300x101.png 300w, https:\/\/www.ayesesteknoloji.com\/wp-content\/uploads\/2024\/12\/canyildizlogo-1024x346.png 1024w, https:\/\/www.ayesesteknoloji.com\/wp-content\/uploads\/2024\/12\/canyildizlogo-768x259.png 768w, https:\/\/www.ayesesteknoloji.com\/wp-content\/uploads\/2024\/12\/canyildizlogo.png 1045w\" sizes=\"(max-width: 300px) 100vw, 300px\" \/><\/a>\n\t\t\t<\/div>\n\t\t\t\t<figcaption class='wp-caption-text gallery-caption' id='gallery-1-959'>\n\t\t\t\tCany\u0131ld\u0131z Plastik 8 AHD KAMERA i\u015fleri\n\t\t\t\t<\/figcaption><\/figure><figure class='gallery-item'>\n\t\t\t<div class='gallery-icon landscape'>\n\t\t\t\t<a href='https:\/\/www.ayesesteknoloji.com\/wp-content\/uploads\/2024\/12\/images-2.jpeg'><img width=\"271\" height=\"186\" src=\"https:\/\/www.ayesesteknoloji.com\/wp-content\/uploads\/2024\/12\/images-2.jpeg\" class=\"attachment-medium size-medium\" alt=\"\" decoding=\"async\" loading=\"lazy\" aria-describedby=\"gallery-1-961\" \/><\/a>\n\t\t\t<\/div>\n\t\t\t\t<figcaption class='wp-caption-text gallery-caption' id='gallery-1-961'>\n\t\t\t\tSar\u0131yer B\u00f6rek\u00e7isi Ba\u015fak\u015fehir \u015eubesi 8 Adet \u0130P Kamera \u0130\u015fi\n\t\t\t\t<\/figcaption><\/figure><figure class='gallery-item'>\n\t\t\t<div class='gallery-icon landscape'>\n\t\t\t\t<a href='https:\/\/www.ayesesteknoloji.com\/wp-content\/uploads\/2025\/04\/maverasaraylari.webp'><img width=\"300\" height=\"164\" src=\"https:\/\/www.ayesesteknoloji.com\/wp-content\/uploads\/2025\/04\/maverasaraylari-300x164.webp\" class=\"attachment-medium size-medium\" alt=\"\" decoding=\"async\" loading=\"lazy\" aria-describedby=\"gallery-1-965\" srcset=\"https:\/\/www.ayesesteknoloji.com\/wp-content\/uploads\/2025\/04\/maverasaraylari-300x164.webp 300w, https:\/\/www.ayesesteknoloji.com\/wp-content\/uploads\/2025\/04\/maverasaraylari.webp 466w\" sizes=\"(max-width: 300px) 100vw, 300px\" \/><\/a>\n\t\t\t<\/div>\n\t\t\t\t<figcaption class='wp-caption-text gallery-caption' id='gallery-1-965'>\n\t\t\t\tDvr Sisteme \u0130p Kamera Eklenmesi Ve Bak\u0131m \u0130\u015fleri\n\t\t\t\t<\/figcaption><\/figure><figure class='gallery-item'>\n\t\t\t<div class='gallery-icon landscape'>\n\t\t\t\t<a href='https:\/\/www.ayesesteknoloji.com\/wp-content\/uploads\/2025\/06\/hz.huseyin-cami.jpg'><img width=\"300\" height=\"177\" src=\"https:\/\/www.ayesesteknoloji.com\/wp-content\/uploads\/2025\/06\/hz.huseyin-cami-300x177.jpg\" class=\"attachment-medium size-medium\" alt=\"\" decoding=\"async\" loading=\"lazy\" aria-describedby=\"gallery-1-980\" srcset=\"https:\/\/www.ayesesteknoloji.com\/wp-content\/uploads\/2025\/06\/hz.huseyin-cami-300x177.jpg 300w, https:\/\/www.ayesesteknoloji.com\/wp-content\/uploads\/2025\/06\/hz.huseyin-cami.jpg 700w\" sizes=\"(max-width: 300px) 100vw, 300px\" \/><\/a>\n\t\t\t<\/div>\n\t\t\t\t<figcaption class='wp-caption-text gallery-caption' id='gallery-1-980'>\n\t\t\t\tHz.H\u00fcseyin Cami 32 Ip Kamera\n\t\t\t\t<\/figcaption><\/figure><figure class='gallery-item'>\n\t\t\t<div class='gallery-icon portrait'>\n\t\t\t\t<a href='https:\/\/www.ayesesteknoloji.com\/wp-content\/uploads\/2025\/06\/fahrettin-pasa-cami.webp'><img width=\"169\" height=\"300\" src=\"https:\/\/www.ayesesteknoloji.com\/wp-content\/uploads\/2025\/06\/fahrettin-pasa-cami-169x300.webp\" class=\"attachment-medium size-medium\" alt=\"\" decoding=\"async\" loading=\"lazy\" aria-describedby=\"gallery-1-981\" srcset=\"https:\/\/www.ayesesteknoloji.com\/wp-content\/uploads\/2025\/06\/fahrettin-pasa-cami-169x300.webp 169w, https:\/\/www.ayesesteknoloji.com\/wp-content\/uploads\/2025\/06\/fahrettin-pasa-cami-576x1024.webp 576w, https:\/\/www.ayesesteknoloji.com\/wp-content\/uploads\/2025\/06\/fahrettin-pasa-cami.webp 720w\" sizes=\"(max-width: 169px) 100vw, 169px\" \/><\/a>\n\t\t\t<\/div>\n\t\t\t\t<figcaption class='wp-caption-text gallery-caption' id='gallery-1-981'>\n\t\t\t\tFahrettin Pa\u015fa Cami 8 Adet Ahd Kamera\n\t\t\t\t<\/figcaption><\/figure>\n\t\t<\/div>\n\n<p>\u00a0<\/p>\n<p>\u00a0<\/p>\n<p>\u00a0<\/p>\n<\/center>\n<p>\u00a0<\/p>","protected":false},"excerpt":{"rendered":"<p>\u00a0 \u00a0 REFERANSLARIMIZDAN BAZILARI \u00a0 \u00a0 \u00a0 \u00a0 \u00a0<\/p>\n","protected":false},"author":1,"featured_media":0,"parent":0,"menu_order":0,"comment_status":"closed","ping_status":"closed","template":"","meta":{"om_disable_all_campaigns":false,"_monsterinsights_skip_tracking":false,"_monsterinsights_sitenote_active":false,"_monsterinsights_sitenote_note":"","_monsterinsights_sitenote_category":0},"aioseo_notices":[],"_links":{"self":[{"href":"https:\/\/www.ayesesteknoloji.com\/index.php?rest_route=\/wp\/v2\/pages\/236"}],"collection":[{"href":"https:\/\/www.ayesesteknoloji.com\/index.php?rest_route=\/wp\/v2\/pages"}],"about":[{"href":"https:\/\/www.ayesesteknoloji.com\/index.php?rest_route=\/wp\/v2\/types\/page"}],"author":[{"embeddable":true,"href":"https:\/\/www.ayesesteknoloji.com\/index.php?rest_route=\/wp\/v2\/users\/1"}],"replies":[{"embeddable":true,"href":"https:\/\/www.ayesesteknoloji.com\/index.php?rest_route=%2Fwp%2Fv2%2Fcomments&post=236"}],"version-history":[{"count":27,"href":"https:\/\/www.ayesesteknoloji.com\/index.php?rest_route=\/wp\/v2\/pages\/236\/revisions"}],"predecessor-version":[{"id":982,"href":"https:\/\/www.ayesesteknoloji.com\/index.php?rest_route=\/wp\/v2\/pages\/236\/revisions\/982"}],"wp:attachment":[{"href":"https:\/\/www.ayesesteknoloji.com\/index.php?rest_route=%2Fwp%2Fv2%2Fmedia&parent=236"}],"curies":[{"name":"wp","href":"https:\/\/api.w.org\/{rel}","templated":true}]}}