{"id":306,"date":"2021-03-25T13:15:28","date_gmt":"2021-03-25T13:15:28","guid":{"rendered":"http:\/\/www.ayesesteknoloji.com\/?page_id=306"},"modified":"2023-09-24T20:54:58","modified_gmt":"2023-09-24T20:54:58","slug":"cozum-ortaklarimiz","status":"publish","type":"page","link":"https:\/\/www.ayesesteknoloji.com\/?page_id=306","title":{"rendered":"\u00c7\u00d6Z\u00dcM ORTAKLARIMIZ"},"content":{"rendered":"\n<!-- Google tag (gtag.js) -->\n<script async src=\"https:\/\/www.googletagmanager.com\/gtag\/js?id=AW-10969955635\"><\/script>\n<script>\n  window.dataLayer = window.dataLayer || [];\n  function gtag(){dataLayer.push(arguments);}\n  gtag('js', new Date());\n\n  gtag('config', 'AW-10969955635');\n<\/script>\n\n\n<div id='gallery-1' class='gallery galleryid-306 gallery-columns-3 gallery-size-medium'><figure class='gallery-item'>\n\t\t\t<div class='gallery-icon landscape'>\n\t\t\t\t<a href='https:\/\/www.ayesesteknoloji.com\/?attachment_id=309'><img width=\"300\" height=\"156\" src=\"https:\/\/www.ayesesteknoloji.com\/wp-content\/uploads\/2021\/03\/okisanlogo-e1655205845874-300x156.jpg\" class=\"attachment-medium size-medium\" alt=\"\" decoding=\"async\" loading=\"lazy\" \/><\/a>\n\t\t\t<\/div><\/figure><figure class='gallery-item'>\n\t\t\t<div class='gallery-icon landscape'>\n\t\t\t\t<a href='https:\/\/www.ayesesteknoloji.com\/?attachment_id=310'><img width=\"300\" height=\"46\" src=\"https:\/\/www.ayesesteknoloji.com\/wp-content\/uploads\/2021\/03\/varnost-logo-300x46.png\" class=\"attachment-medium size-medium\" alt=\"\" decoding=\"async\" loading=\"lazy\" srcset=\"https:\/\/www.ayesesteknoloji.com\/wp-content\/uploads\/2021\/03\/varnost-logo-300x46.png 300w, https:\/\/www.ayesesteknoloji.com\/wp-content\/uploads\/2021\/03\/varnost-logo-e1662494881497.png 200w\" sizes=\"(max-width: 300px) 100vw, 300px\" \/><\/a>\n\t\t\t<\/div><\/figure><figure class='gallery-item'>\n\t\t\t<div class='gallery-icon landscape'>\n\t\t\t\t<a href='https:\/\/www.ayesesteknoloji.com\/?attachment_id=311'><img width=\"300\" height=\"76\" src=\"https:\/\/www.ayesesteknoloji.com\/wp-content\/uploads\/2021\/03\/E-G\u00dcVENL\u0130K2-300x76.jpg\" class=\"attachment-medium size-medium\" alt=\"\" decoding=\"async\" loading=\"lazy\" srcset=\"https:\/\/www.ayesesteknoloji.com\/wp-content\/uploads\/2021\/03\/E-G\u00dcVENL\u0130K2-300x76.jpg 300w, https:\/\/www.ayesesteknoloji.com\/wp-content\/uploads\/2021\/03\/E-G\u00dcVENL\u0130K2-768x194.jpg 768w, https:\/\/www.ayesesteknoloji.com\/wp-content\/uploads\/2021\/03\/E-G\u00dcVENL\u0130K2-1024x259.jpg 1024w, https:\/\/www.ayesesteknoloji.com\/wp-content\/uploads\/2021\/03\/E-G\u00dcVENL\u0130K2-e1662494899512.jpg 200w\" sizes=\"(max-width: 300px) 100vw, 300px\" \/><\/a>\n\t\t\t<\/div><\/figure><figure class='gallery-item'>\n\t\t\t<div class='gallery-icon landscape'>\n\t\t\t\t<a href='https:\/\/www.ayesesteknoloji.com\/?attachment_id=330'><img width=\"120\" height=\"50\" src=\"https:\/\/www.ayesesteknoloji.com\/wp-content\/uploads\/2021\/03\/bilfa-logo-mavi-120X50.png\" class=\"attachment-medium size-medium\" alt=\"\" decoding=\"async\" loading=\"lazy\" \/><\/a>\n\t\t\t<\/div><\/figure><figure class='gallery-item'>\n\t\t\t<div class='gallery-icon landscape'>\n\t\t\t\t<a href='https:\/\/www.ayesesteknoloji.com\/?attachment_id=481'><img width=\"300\" height=\"44\" src=\"https:\/\/www.ayesesteknoloji.com\/wp-content\/uploads\/2022\/01\/logo-300x44.png\" class=\"attachment-medium size-medium\" alt=\"\" decoding=\"async\" loading=\"lazy\" srcset=\"https:\/\/www.ayesesteknoloji.com\/wp-content\/uploads\/2022\/01\/logo-300x44.png 300w, https:\/\/www.ayesesteknoloji.com\/wp-content\/uploads\/2022\/01\/logo.png 340w\" sizes=\"(max-width: 300px) 100vw, 300px\" \/><\/a>\n\t\t\t<\/div><\/figure><figure class='gallery-item'>\n\t\t\t<div class='gallery-icon landscape'>\n\t\t\t\t<a href='https:\/\/www.ayesesteknoloji.com\/?attachment_id=340'><img width=\"300\" height=\"93\" src=\"https:\/\/www.ayesesteknoloji.com\/wp-content\/uploads\/2021\/03\/kisspng-dahua-technology-closed-circuit-television-digital-dahua-5b2695bf5ca839.3761020615292553593795-300x93.jpg\" class=\"attachment-medium size-medium\" alt=\"\" decoding=\"async\" loading=\"lazy\" srcset=\"https:\/\/www.ayesesteknoloji.com\/wp-content\/uploads\/2021\/03\/kisspng-dahua-technology-closed-circuit-television-digital-dahua-5b2695bf5ca839.3761020615292553593795-300x93.jpg 300w, https:\/\/www.ayesesteknoloji.com\/wp-content\/uploads\/2021\/03\/kisspng-dahua-technology-closed-circuit-television-digital-dahua-5b2695bf5ca839.3761020615292553593795-768x239.jpg 768w, https:\/\/www.ayesesteknoloji.com\/wp-content\/uploads\/2021\/03\/kisspng-dahua-technology-closed-circuit-television-digital-dahua-5b2695bf5ca839.3761020615292553593795-e1662494937311.jpg 200w\" sizes=\"(max-width: 300px) 100vw, 300px\" \/><\/a>\n\t\t\t<\/div><\/figure><figure class='gallery-item'>\n\t\t\t<div class='gallery-icon landscape'>\n\t\t\t\t<a href='https:\/\/www.ayesesteknoloji.com\/?attachment_id=480'><img width=\"300\" height=\"113\" src=\"https:\/\/www.ayesesteknoloji.com\/wp-content\/uploads\/2022\/01\/moon-300x113.jpg\" class=\"attachment-medium size-medium\" alt=\"\" decoding=\"async\" loading=\"lazy\" srcset=\"https:\/\/www.ayesesteknoloji.com\/wp-content\/uploads\/2022\/01\/moon-300x113.jpg 300w, https:\/\/www.ayesesteknoloji.com\/wp-content\/uploads\/2022\/01\/moon-e1662494953187.jpg 200w\" sizes=\"(max-width: 300px) 100vw, 300px\" \/><\/a>\n\t\t\t<\/div><\/figure><figure class='gallery-item'>\n\t\t\t<div class='gallery-icon landscape'>\n\t\t\t\t<a href='https:\/\/www.ayesesteknoloji.com\/?attachment_id=339'><img width=\"300\" height=\"109\" src=\"https:\/\/www.ayesesteknoloji.com\/wp-content\/uploads\/2021\/03\/AudioLogo_40Yil-1-e1655205818431-300x109.jpg\" class=\"attachment-medium size-medium\" alt=\"\" decoding=\"async\" loading=\"lazy\" srcset=\"https:\/\/www.ayesesteknoloji.com\/wp-content\/uploads\/2021\/03\/AudioLogo_40Yil-1-e1655205818431-300x109.jpg 300w, https:\/\/www.ayesesteknoloji.com\/wp-content\/uploads\/2021\/03\/AudioLogo_40Yil-1-e1655205818431.jpg 570w\" sizes=\"(max-width: 300px) 100vw, 300px\" \/><\/a>\n\t\t\t<\/div><\/figure><figure class='gallery-item'>\n\t\t\t<div class='gallery-icon landscape'>\n\t\t\t\t<a href='https:\/\/www.ayesesteknoloji.com\/?attachment_id=338'><img width=\"200\" height=\"64\" src=\"https:\/\/www.ayesesteknoloji.com\/wp-content\/uploads\/2021\/03\/botek-e1655205892674.png\" class=\"attachment-medium size-medium\" alt=\"\" decoding=\"async\" loading=\"lazy\" \/><\/a>\n\t\t\t<\/div><\/figure><figure class='gallery-item'>\n\t\t\t<div class='gallery-icon landscape'>\n\t\t\t\t<a href='https:\/\/www.ayesesteknoloji.com\/?attachment_id=500'><img width=\"300\" height=\"110\" src=\"https:\/\/www.ayesesteknoloji.com\/wp-content\/uploads\/2022\/06\/nicelogo.png\" class=\"attachment-medium size-medium\" alt=\"\" decoding=\"async\" loading=\"lazy\" \/><\/a>\n\t\t\t<\/div><\/figure><figure class='gallery-item'>\n\t\t\t<div class='gallery-icon landscape'>\n\t\t\t\t<a href='https:\/\/www.ayesesteknoloji.com\/?attachment_id=617'><img width=\"300\" height=\"108\" src=\"https:\/\/www.ayesesteknoloji.com\/wp-content\/uploads\/2022\/09\/metcomlogo-300x108.jpg\" class=\"attachment-medium size-medium\" alt=\"\" decoding=\"async\" loading=\"lazy\" srcset=\"https:\/\/www.ayesesteknoloji.com\/wp-content\/uploads\/2022\/09\/metcomlogo-300x108.jpg 300w, https:\/\/www.ayesesteknoloji.com\/wp-content\/uploads\/2022\/09\/metcomlogo-e1662495054174.jpg 200w\" sizes=\"(max-width: 300px) 100vw, 300px\" \/><\/a>\n\t\t\t<\/div><\/figure>\n\t\t<\/div>\n","protected":false},"excerpt":{"rendered":"","protected":false},"author":1,"featured_media":0,"parent":0,"menu_order":0,"comment_status":"closed","ping_status":"closed","template":"","meta":{"om_disable_all_campaigns":false,"_monsterinsights_skip_tracking":false,"_monsterinsights_sitenote_active":false,"_monsterinsights_sitenote_note":"","_monsterinsights_sitenote_category":0},"aioseo_notices":[],"_links":{"self":[{"href":"https:\/\/www.ayesesteknoloji.com\/index.php?rest_route=\/wp\/v2\/pages\/306"}],"collection":[{"href":"https:\/\/www.ayesesteknoloji.com\/index.php?rest_route=\/wp\/v2\/pages"}],"about":[{"href":"https:\/\/www.ayesesteknoloji.com\/index.php?rest_route=\/wp\/v2\/types\/page"}],"author":[{"embeddable":true,"href":"https:\/\/www.ayesesteknoloji.com\/index.php?rest_route=\/wp\/v2\/users\/1"}],"replies":[{"embeddable":true,"href":"https:\/\/www.ayesesteknoloji.com\/index.php?rest_route=%2Fwp%2Fv2%2Fcomments&post=306"}],"version-history":[{"count":11,"href":"https:\/\/www.ayesesteknoloji.com\/index.php?rest_route=\/wp\/v2\/pages\/306\/revisions"}],"predecessor-version":[{"id":897,"href":"https:\/\/www.ayesesteknoloji.com\/index.php?rest_route=\/wp\/v2\/pages\/306\/revisions\/897"}],"wp:attachment":[{"href":"https:\/\/www.ayesesteknoloji.com\/index.php?rest_route=%2Fwp%2Fv2%2Fmedia&parent=306"}],"curies":[{"name":"wp","href":"https:\/\/api.w.org\/{rel}","templated":true}]}}