{"id":362,"date":"2021-03-27T07:14:23","date_gmt":"2021-03-27T07:14:23","guid":{"rendered":"http:\/\/www.ayesesteknoloji.com\/?page_id=362"},"modified":"2023-09-24T20:57:47","modified_gmt":"2023-09-24T20:57:47","slug":"merkezi-uydu-sistemleri","status":"publish","type":"page","link":"https:\/\/www.ayesesteknoloji.com\/?page_id=362","title":{"rendered":"MERKEZ\u0130 UYDU S\u0130STEMLER\u0130"},"content":{"rendered":"\n<!-- Google tag (gtag.js) -->\n<script async src=\"https:\/\/www.googletagmanager.com\/gtag\/js?id=AW-10969955635\"><\/script>\n<script>\n  window.dataLayer = window.dataLayer || [];\n  function gtag(){dataLayer.push(arguments);}\n  gtag('js', new Date());\n\n  gtag('config', 'AW-10969955635');\n<\/script>\n\n\n<div class=\"post-title\">\n<h3><img decoding=\"async\" loading=\"lazy\" class=\"size-medium wp-image-441 alignleft\" src=\"http:\/\/www.ayesesteknoloji.com\/wp-content\/uploads\/2021\/09\/merkezi-uydu-1600x999-1-300x187.jpg\" alt=\"\" width=\"300\" height=\"187\" srcset=\"https:\/\/www.ayesesteknoloji.com\/wp-content\/uploads\/2021\/09\/merkezi-uydu-1600x999-1-300x187.jpg 300w, https:\/\/www.ayesesteknoloji.com\/wp-content\/uploads\/2021\/09\/merkezi-uydu-1600x999-1-1024x639.jpg 1024w, https:\/\/www.ayesesteknoloji.com\/wp-content\/uploads\/2021\/09\/merkezi-uydu-1600x999-1-768x480.jpg 768w, https:\/\/www.ayesesteknoloji.com\/wp-content\/uploads\/2021\/09\/merkezi-uydu-1600x999-1-1536x959.jpg 1536w, https:\/\/www.ayesesteknoloji.com\/wp-content\/uploads\/2021\/09\/merkezi-uydu-1600x999-1.jpg 1600w\" sizes=\"(max-width: 300px) 100vw, 300px\" \/>UYDU S\u0130STEMLER\u0130<\/h3>\n<\/div>\n<div class=\"post-content\">\n<div><b><span style=\"color: #085294;\">Smatv Sistemleri<\/span><\/b><\/div>\n<div><b><span style=\"color: #085294;\">IPTV Sistemleri<\/span><\/b><\/div>\n<div><b><span style=\"color: #085294;\">Fiber Optik Sistemler<\/span><\/b><\/div>\n<div><b><span style=\"color: #085294;\">Multiswitch Sistemleri<\/span><\/b><\/div>\n<div><b><span style=\"color: #085294;\">Headend (Qam,IF,Analog)<\/span><\/b><\/div>\n<div><\/div>\n<div><\/div>\n<h3><span style=\"color: #085294;\">UYDU S\u0130STEMLER\u0130<\/span><\/h3>\n<div>SMATV (Satellite Master Antenna TV), \u00e7oklu TV izleme noktalar\u0131n\u0131n bulundu\u011fu ya\u015fam alanlar\u0131nda, merkezi anten sistemi ile al\u0131nan karasal ve uydu, analog ve dijital yay\u0131nlar\u0131n t\u00fcm izleme noktalar\u0131na belirli standartlarda ta\u015f\u0131nmas\u0131 prensibine dayan\u0131r. Abone say\u0131s\u0131 ve talep edilen kanal say\u0131s\u0131n\u0131n artmas\u0131yla birlikte, toplu ya\u015fam alanlar\u0131nda bireysel antenin getirdi\u011fi g\u00f6r\u00fcnt\u00fc kirlili\u011fini \u00f6nleyen ve evlerdeki anten ihtiyac\u0131n\u0131 ortadan kald\u0131ran, bir\u00e7ok \u00fclkede toplu ya\u015fam alanlar\u0131nda uygulanmas\u0131 zorunlu olan bina altyap\u0131 sistemidir. G\u00fcn\u00fcm\u00fczde siteler, hastaneler, lojmanlar ve oteller gibi \u00e7oklu TV izleme noktas\u0131n\u0131n bulundu\u011fu alanlarda, koaksiyel, fiber ya da hibrit kablo altyap\u0131lar\u0131 \u00fczerinden uygulan\u0131r.<\/div>\n<\/div>","protected":false},"excerpt":{"rendered":"<p>UYDU S\u0130STEMLER\u0130 Smatv Sistemleri IPTV Sistemleri Fiber Optik Sistemler Multiswitch Sistemleri Headend (Qam,IF,Analog) UYDU S\u0130STEMLER\u0130 SMATV (Satellite Master Antenna TV), \u00e7oklu TV izleme noktalar\u0131n\u0131n bulundu\u011fu ya\u015fam alanlar\u0131nda, merkezi anten sistemi ile al\u0131nan karasal ve uydu, analog ve dijital yay\u0131nlar\u0131n t\u00fcm<\/p>\n","protected":false},"author":1,"featured_media":0,"parent":122,"menu_order":0,"comment_status":"closed","ping_status":"closed","template":"","meta":{"om_disable_all_campaigns":false,"_monsterinsights_skip_tracking":false,"_monsterinsights_sitenote_active":false,"_monsterinsights_sitenote_note":"","_monsterinsights_sitenote_category":0},"aioseo_notices":[],"_links":{"self":[{"href":"https:\/\/www.ayesesteknoloji.com\/index.php?rest_route=\/wp\/v2\/pages\/362"}],"collection":[{"href":"https:\/\/www.ayesesteknoloji.com\/index.php?rest_route=\/wp\/v2\/pages"}],"about":[{"href":"https:\/\/www.ayesesteknoloji.com\/index.php?rest_route=\/wp\/v2\/types\/page"}],"author":[{"embeddable":true,"href":"https:\/\/www.ayesesteknoloji.com\/index.php?rest_route=\/wp\/v2\/users\/1"}],"replies":[{"embeddable":true,"href":"https:\/\/www.ayesesteknoloji.com\/index.php?rest_route=%2Fwp%2Fv2%2Fcomments&post=362"}],"version-history":[{"count":4,"href":"https:\/\/www.ayesesteknoloji.com\/index.php?rest_route=\/wp\/v2\/pages\/362\/revisions"}],"predecessor-version":[{"id":905,"href":"https:\/\/www.ayesesteknoloji.com\/index.php?rest_route=\/wp\/v2\/pages\/362\/revisions\/905"}],"up":[{"embeddable":true,"href":"https:\/\/www.ayesesteknoloji.com\/index.php?rest_route=\/wp\/v2\/pages\/122"}],"wp:attachment":[{"href":"https:\/\/www.ayesesteknoloji.com\/index.php?rest_route=%2Fwp%2Fv2%2Fmedia&parent=362"}],"curies":[{"name":"wp","href":"https:\/\/api.w.org\/{rel}","templated":true}]}}